{"id":74,"date":"2023-02-17T16:56:03","date_gmt":"2023-02-17T15:56:03","guid":{"rendered":"https:\/\/www.safeandlearncheck.de\/shop\/?post_type=product&#038;p=74"},"modified":"2023-02-28T00:39:25","modified_gmt":"2023-02-27T23:39:25","slug":"adhs-trainer-in","status":"publish","type":"product","link":"https:\/\/www.safeandlearncheck.de\/shop\/produkt\/adhs-trainer-in\/","title":{"rendered":"AD(H)S Trainer\/in"},"content":{"rendered":"<p>Dieser Fernlehrgang kann als eigener oder als Aufbaulehrgang zum Lernberater absolviert werden.<\/p>\n<p>Was erwartet Sie in diesem Lehrgang?<\/p>\n<p>Schwerpunkte dieses Lehrgangs sind Entstehung, Ursache, Symptome und Therapiem\u00f6glichkeiten bei Kindern oder Erwachsenen mit einer AD(H)S Diagnose. Viel \u00dcbungsmaterial und Diagnosehilfen f\u00fcr die Arbeit mit Kindern vom Kindergartenalter bis zum Erwachsenenalter sind Bestandteil dieses Kompaktkurses. Ideal als Intensivierung oder Aufbaukurs der Lehrg\u00e4nge des Lernberaters oder Schulbegleitung.<\/p>\n","protected":false},"excerpt":{"rendered":"<p>Dieser Fernlehrgang kann als eigener oder als Aufbaulehrgang zum Lernberater absolviert werden. Was erwartet Sie in diesem Lehrgang? Schwerpunkte dieses Lehrgangs sind Entstehung, Ursache, Symptome und Therapiem\u00f6glichkeiten bei Kindern oder Erwachsenen mit einer AD(H)S Diagnose. Viel \u00dcbungsmaterial und Diagnosehilfen f\u00fcr die Arbeit mit Kindern vom Kindergartenalter bis zum Erwachsenenalter sind Bestandteil dieses Kompaktkurses. Ideal als [&hellip;]<\/p>\n","protected":false},"featured_media":110,"comment_status":"open","ping_status":"closed","template":"","meta":[],"product_cat":[17],"product_tag":[],"class_list":["post-74","product","type-product","status-publish","has-post-thumbnail","hentry","product_cat-lehrgaenge-trainee"],"_links":{"self":[{"href":"https:\/\/www.safeandlearncheck.de\/shop\/wp-json\/wp\/v2\/product\/74","targetHints":{"allow":["GET"]}}],"collection":[{"href":"https:\/\/www.safeandlearncheck.de\/shop\/wp-json\/wp\/v2\/product"}],"about":[{"href":"https:\/\/www.safeandlearncheck.de\/shop\/wp-json\/wp\/v2\/types\/product"}],"replies":[{"embeddable":true,"href":"https:\/\/www.safeandlearncheck.de\/shop\/wp-json\/wp\/v2\/comments?post=74"}],"wp:featuredmedia":[{"embeddable":true,"href":"https:\/\/www.safeandlearncheck.de\/shop\/wp-json\/wp\/v2\/media\/110"}],"wp:attachment":[{"href":"https:\/\/www.safeandlearncheck.de\/shop\/wp-json\/wp\/v2\/media?parent=74"}],"wp:term":[{"taxonomy":"product_cat","embeddable":true,"href":"https:\/\/www.safeandlearncheck.de\/shop\/wp-json\/wp\/v2\/product_cat?post=74"},{"taxonomy":"product_tag","embeddable":true,"href":"https:\/\/www.safeandlearncheck.de\/shop\/wp-json\/wp\/v2\/product_tag?post=74"}],"curies":[{"name":"wp","href":"https:\/\/api.w.org\/{rel}","templated":true}]}}