{"id":14,"date":"2023-02-05T01:21:49","date_gmt":"2023-02-05T00:21:49","guid":{"rendered":"https:\/\/www.safeandlearncheck.de\/shop\/produkt\/album\/"},"modified":"2023-02-28T00:33:32","modified_gmt":"2023-02-27T23:33:32","slug":"album","status":"publish","type":"product","link":"https:\/\/www.safeandlearncheck.de\/shop\/produkt\/album\/","title":{"rendered":"Entspannungstrainer\/in"},"content":{"rendered":"<p>\u201eIch bin so gestresst\u201c \u2013 wohl jeder von uns hat diesen Satz schon einmal gesagt. Aber was hei\u00dft das eigentlich? Und kann man etwas dagegen tut? Oder gar vorbeugen? Kann man. Wie, das m\u00f6chten wir Ihnen mit diesem Kurs n\u00e4herbringen. Wir zeigen Ihnen, was Stress ist und wie er entsteht. Welche Auswirkungen er hat, wann er hilfreich ist und wann er krank macht. Wie Sie lernen k\u00f6nnen, mit ihm umzugehen, ihn zu bew\u00e4ltigen, vielleicht sogar zu vermeiden. Wir beleuchten auch welche Rolle Schlaf dabei spiel und was Muskelentpannung und Tagtr\u00e4ume damit zu tun haben.<\/p>\n<p>Nat\u00fcrlich stellen wir Ihnen auch eine Reihe verschiedener Entspannungsverfahren vor.<\/p>\n","protected":false},"excerpt":{"rendered":"<p>\u201eIch bin so gestresst\u201c \u2013 wohl jeder von uns hat diesen Satz schon einmal gesagt. Aber was hei\u00dft das eigentlich? Und kann man etwas dagegen tut? Oder gar vorbeugen? Kann man. Wie, das m\u00f6chten wir Ihnen mit diesem Kurs n\u00e4herbringen. Wir zeigen Ihnen, was Stress ist und wie er entsteht. Welche Auswirkungen er hat, wann [&hellip;]<\/p>\n","protected":false},"featured_media":15,"comment_status":"open","ping_status":"closed","template":"","meta":[],"product_cat":[17],"product_tag":[18],"class_list":["post-14","product","type-product","status-publish","has-post-thumbnail","hentry","product_cat-lehrgaenge-trainee","product_tag-trainee"],"_links":{"self":[{"href":"https:\/\/www.safeandlearncheck.de\/shop\/wp-json\/wp\/v2\/product\/14","targetHints":{"allow":["GET"]}}],"collection":[{"href":"https:\/\/www.safeandlearncheck.de\/shop\/wp-json\/wp\/v2\/product"}],"about":[{"href":"https:\/\/www.safeandlearncheck.de\/shop\/wp-json\/wp\/v2\/types\/product"}],"replies":[{"embeddable":true,"href":"https:\/\/www.safeandlearncheck.de\/shop\/wp-json\/wp\/v2\/comments?post=14"}],"wp:featuredmedia":[{"embeddable":true,"href":"https:\/\/www.safeandlearncheck.de\/shop\/wp-json\/wp\/v2\/media\/15"}],"wp:attachment":[{"href":"https:\/\/www.safeandlearncheck.de\/shop\/wp-json\/wp\/v2\/media?parent=14"}],"wp:term":[{"taxonomy":"product_cat","embeddable":true,"href":"https:\/\/www.safeandlearncheck.de\/shop\/wp-json\/wp\/v2\/product_cat?post=14"},{"taxonomy":"product_tag","embeddable":true,"href":"https:\/\/www.safeandlearncheck.de\/shop\/wp-json\/wp\/v2\/product_tag?post=14"}],"curies":[{"name":"wp","href":"https:\/\/api.w.org\/{rel}","templated":true}]}}