{"id":21,"date":"2023-02-05T01:27:36","date_gmt":"2023-02-05T00:27:36","guid":{"rendered":"https:\/\/www.safeandlearncheck.de\/shop\/bezahlmoeglichkeiten\/"},"modified":"2023-02-28T08:48:29","modified_gmt":"2023-02-28T07:48:29","slug":"bezahlmoeglichkeiten","status":"publish","type":"page","link":"https:\/\/www.safeandlearncheck.de\/shop\/bezahlmoeglichkeiten\/","title":{"rendered":"Zahlungsarten"},"content":{"rendered":"\n<p>Wir bei Safe&amp;Learn Check m\u00f6chten unseren Kunden das bestm\u00f6gliche Einkaufserlebnis bieten und haben daher zwei neue Zahlungsarten integriert: Paypal und WooCommerce. Mit diesen beiden Optionen k\u00f6nnen unsere Kunden ihre Bestellungen schnell und einfach online bezahlen und genie\u00dfen dabei die Vorteile einer sicheren und zuverl\u00e4ssigen Zahlungsabwicklung.<\/p>\n\n\n\n<p>Paypal ist eine der bekanntesten und beliebtesten Online-Zahlungsarten weltweit. Mit Paypal k\u00f6nnen Sie sicher und bequem bezahlen, ohne Ihre Bank- oder Kreditkartendaten preiszugeben. Paypal bietet eine schnelle und sichere Transaktion, so dass Sie Ihre Bestellung innerhalb weniger Minuten abschlie\u00dfen k\u00f6nnen.<\/p>\n\n\n\n<p>WooCommerce ist eine weitere beliebte Online-Zahlungsart, die speziell f\u00fcr E-Commerce-Websites entwickelt wurde. Mit WooCommerce k\u00f6nnen unsere Kunden ihre Bestellungen direkt auf unserer Website bezahlen, ohne auf eine externe Zahlungsseite weitergeleitet zu werden. Dabei profitieren sie von den umfangreichen Sicherheits- und Schutzfunktionen, die WooCommerce bietet.<\/p>\n\n\n\n<p>Mit diesen beiden Zahlungsarten bieten wir unseren Kunden mehr Flexibilit\u00e4t und Komfort beim Einkauf. Egal ob Sie mit Paypal oder WooCommerce bezahlen m\u00f6chten, Sie k\u00f6nnen sicher sein, dass Ihre Transaktionen sicher und zuverl\u00e4ssig abgewickelt werden.<\/p>\n","protected":false},"excerpt":{"rendered":"<p>Wir bei Safe&amp;Learn Check m\u00f6chten unseren Kunden das bestm\u00f6gliche Einkaufserlebnis bieten und haben daher zwei neue Zahlungsarten integriert: Paypal und WooCommerce. Mit diesen beiden Optionen k\u00f6nnen unsere Kunden ihre Bestellungen schnell und einfach online bezahlen und genie\u00dfen dabei die Vorteile einer sicheren und zuverl\u00e4ssigen Zahlungsabwicklung. Paypal ist eine der bekanntesten und beliebtesten Online-Zahlungsarten weltweit. Mit [&hellip;]<\/p>\n","protected":false},"author":1,"featured_media":0,"parent":0,"menu_order":0,"comment_status":"closed","ping_status":"closed","template":"","meta":{"footnotes":""},"class_list":["post-21","page","type-page","status-publish","hentry"],"_links":{"self":[{"href":"https:\/\/www.safeandlearncheck.de\/shop\/wp-json\/wp\/v2\/pages\/21","targetHints":{"allow":["GET"]}}],"collection":[{"href":"https:\/\/www.safeandlearncheck.de\/shop\/wp-json\/wp\/v2\/pages"}],"about":[{"href":"https:\/\/www.safeandlearncheck.de\/shop\/wp-json\/wp\/v2\/types\/page"}],"author":[{"embeddable":true,"href":"https:\/\/www.safeandlearncheck.de\/shop\/wp-json\/wp\/v2\/users\/1"}],"replies":[{"embeddable":true,"href":"https:\/\/www.safeandlearncheck.de\/shop\/wp-json\/wp\/v2\/comments?post=21"}],"version-history":[{"count":4,"href":"https:\/\/www.safeandlearncheck.de\/shop\/wp-json\/wp\/v2\/pages\/21\/revisions"}],"predecessor-version":[{"id":156,"href":"https:\/\/www.safeandlearncheck.de\/shop\/wp-json\/wp\/v2\/pages\/21\/revisions\/156"}],"wp:attachment":[{"href":"https:\/\/www.safeandlearncheck.de\/shop\/wp-json\/wp\/v2\/media?parent=21"}],"curies":[{"name":"wp","href":"https:\/\/api.w.org\/{rel}","templated":true}]}}