{"id":20,"date":"2023-02-05T01:27:36","date_gmt":"2023-02-05T00:27:36","guid":{"rendered":"https:\/\/www.safeandlearncheck.de\/shop\/versandarten\/"},"modified":"2023-02-28T08:56:24","modified_gmt":"2023-02-28T07:56:24","slug":"versandarten","status":"publish","type":"page","link":"https:\/\/www.safeandlearncheck.de\/shop\/versandarten\/","title":{"rendered":"Versandarten"},"content":{"rendered":"\n<p>Wir bei Safe&amp;Learn Check m\u00f6chten sicherstellen, dass unsere Kunden ihre Produkte so schnell und sicher wie m\u00f6glich erhalten. Aus diesem Grund bieten wir verschiedene Versandmodalit\u00e4ten an, um den Bed\u00fcrfnissen und Anforderungen unserer Kunden gerecht zu werden.<\/p>\n\n\n\n<p>Wenn Sie digitale Produkte bei uns kaufen, stehen diese direkt nach Abschluss der Transaktion im Kundenkonto zum Download bereit. So k\u00f6nnen Sie Ihre gekauften Inhalte schnell und einfach herunterladen und direkt verwenden.<\/p>\n\n\n\n<p>Wenn Sie eine SafeCheckCard bestellen, betr\u00e4gt die Herstellungszeit der Karte 3 Arbeitstage. Anschlie\u00dfend wird die Karte per Deutsche Post Brief versendet, so dass Sie sie in der Regel innerhalb von 2 weiteren Arbeitstagen erhalten sollten.<\/p>\n\n\n\n<p>F\u00fcr alle weiteren Produkte bieten wir den Versand per DHL oder Hermes Paketversand an. Diese Versandoptionen bieten eine schnelle und zuverl\u00e4ssige Lieferung, so dass Sie Ihre Bestellungen schnellstm\u00f6glich erhalten k\u00f6nnen. Der Versand per Paketdienst dauert in der Regel 3 Tage.<\/p>\n\n\n\n<p>Wir verstehen, wie wichtig es ist, dass Sie Ihre Produkte schnell und sicher erhalten. Daher sind wir bestrebt, Ihre Bestellungen so schnell wie m\u00f6glich zu bearbeiten und zu versenden. Sollten Sie Fragen zu unseren Versandmodalit\u00e4ten haben, z\u00f6gern Sie bitte nicht, uns zu kontaktieren. Wir stehen Ihnen gerne zur Verf\u00fcgung, um Ihnen bei allen Fragen und Anliegen weiterzuhelfen.<\/p>\n","protected":false},"excerpt":{"rendered":"<p>Wir bei Safe&amp;Learn Check m\u00f6chten sicherstellen, dass unsere Kunden ihre Produkte so schnell und sicher wie m\u00f6glich erhalten. Aus diesem Grund bieten wir verschiedene Versandmodalit\u00e4ten an, um den Bed\u00fcrfnissen und Anforderungen unserer Kunden gerecht zu werden. Wenn Sie digitale Produkte bei uns kaufen, stehen diese direkt nach Abschluss der Transaktion im Kundenkonto zum Download bereit. [&hellip;]<\/p>\n","protected":false},"author":1,"featured_media":0,"parent":0,"menu_order":0,"comment_status":"closed","ping_status":"closed","template":"","meta":{"footnotes":""},"class_list":["post-20","page","type-page","status-publish","hentry"],"_links":{"self":[{"href":"https:\/\/www.safeandlearncheck.de\/shop\/wp-json\/wp\/v2\/pages\/20","targetHints":{"allow":["GET"]}}],"collection":[{"href":"https:\/\/www.safeandlearncheck.de\/shop\/wp-json\/wp\/v2\/pages"}],"about":[{"href":"https:\/\/www.safeandlearncheck.de\/shop\/wp-json\/wp\/v2\/types\/page"}],"author":[{"embeddable":true,"href":"https:\/\/www.safeandlearncheck.de\/shop\/wp-json\/wp\/v2\/users\/1"}],"replies":[{"embeddable":true,"href":"https:\/\/www.safeandlearncheck.de\/shop\/wp-json\/wp\/v2\/comments?post=20"}],"version-history":[{"count":1,"href":"https:\/\/www.safeandlearncheck.de\/shop\/wp-json\/wp\/v2\/pages\/20\/revisions"}],"predecessor-version":[{"id":157,"href":"https:\/\/www.safeandlearncheck.de\/shop\/wp-json\/wp\/v2\/pages\/20\/revisions\/157"}],"wp:attachment":[{"href":"https:\/\/www.safeandlearncheck.de\/shop\/wp-json\/wp\/v2\/media?parent=20"}],"curies":[{"name":"wp","href":"https:\/\/api.w.org\/{rel}","templated":true}]}}