{"id":16,"date":"2023-02-05T01:27:36","date_gmt":"2023-02-05T00:27:36","guid":{"rendered":"https:\/\/www.safeandlearncheck.de\/shop\/impressum\/"},"modified":"2023-02-28T08:45:44","modified_gmt":"2023-02-28T07:45:44","slug":"impressum","status":"publish","type":"page","link":"https:\/\/www.safeandlearncheck.de\/shop\/impressum\/","title":{"rendered":"Impressum"},"content":{"rendered":"\n<p>Safe&amp;Learn Check Elke Kuhr<br>W\u00fcrzburger Stra\u00dfe 2 63791 Karlstein<\/p>\n\n\n\n<p>Verantwortlich f\u00fcr den Inhalt: Elke Kuhr<\/p>\n\n\n\n<p>info(at)safecheckbayern.de<\/p>\n\n\n\n<p><\/p>\n\n\n<div class=\"woocommerce woocommerce-gzd woocommerce-gzd-complaints-shortcode\">\n\t\t\t<h3>Alternative Streitbeilegung gem\u00e4\u00df Art. 14 Abs. 1 ODR-VO und \u00a7 36 VSBG:<\/h3>\n\t\nZur Teilnahme an einem Streitbeilegungsverfahren vor einer Verbraucherschlichtungsstelle sind wir nicht verpflichtet und nicht bereit.<\/div>\n","protected":false},"excerpt":{"rendered":"<p>Safe&amp;Learn Check Elke KuhrW\u00fcrzburger Stra\u00dfe 2 63791 Karlstein Verantwortlich f\u00fcr den Inhalt: Elke Kuhr info(at)safecheckbayern.de<\/p>\n","protected":false},"author":1,"featured_media":0,"parent":0,"menu_order":0,"comment_status":"closed","ping_status":"closed","template":"","meta":{"footnotes":""},"class_list":["post-16","page","type-page","status-publish","hentry"],"_links":{"self":[{"href":"https:\/\/www.safeandlearncheck.de\/shop\/wp-json\/wp\/v2\/pages\/16","targetHints":{"allow":["GET"]}}],"collection":[{"href":"https:\/\/www.safeandlearncheck.de\/shop\/wp-json\/wp\/v2\/pages"}],"about":[{"href":"https:\/\/www.safeandlearncheck.de\/shop\/wp-json\/wp\/v2\/types\/page"}],"author":[{"embeddable":true,"href":"https:\/\/www.safeandlearncheck.de\/shop\/wp-json\/wp\/v2\/users\/1"}],"replies":[{"embeddable":true,"href":"https:\/\/www.safeandlearncheck.de\/shop\/wp-json\/wp\/v2\/comments?post=16"}],"version-history":[{"count":6,"href":"https:\/\/www.safeandlearncheck.de\/shop\/wp-json\/wp\/v2\/pages\/16\/revisions"}],"predecessor-version":[{"id":154,"href":"https:\/\/www.safeandlearncheck.de\/shop\/wp-json\/wp\/v2\/pages\/16\/revisions\/154"}],"wp:attachment":[{"href":"https:\/\/www.safeandlearncheck.de\/shop\/wp-json\/wp\/v2\/media?parent=16"}],"curies":[{"name":"wp","href":"https:\/\/api.w.org\/{rel}","templated":true}]}}